{"id":6643,"date":"2023-05-25T09:08:33","date_gmt":"2023-05-25T07:08:33","guid":{"rendered":"https:\/\/taxi-jose.es\/alquiler-de-coches\/"},"modified":"2023-05-26T09:25:59","modified_gmt":"2023-05-26T07:25:59","slug":"alquiler-de-coches","status":"publish","type":"page","link":"https:\/\/taxi-jose.es\/es\/alquiler-de-coches\/","title":{"rendered":"Alquiler de coches"},"content":{"rendered":"<p><section data-bb-version=\"4.5.4\" id=\"bt_bb_section69ff23c1a36e2\"  class=\"bt_bb_section bt_bb_layout_boxed_1200 bt_bb_vertical_align_top bt_bb_top_spacing_medium bt_bb_bottom_spacing_medium\"  data-bt-override-class=\"null\"><div class=\"bt_bb_port\"><div class=\"bt_bb_cell\"><div class=\"bt_bb_cell_inner\"><div class=\"bt_bb_row \"  data-bt-override-class=\"{}\"><div class=\"bt_bb_row_holder\" ><div  class=\"bt_bb_column col-xxl-12 col-xl-12 col-xs-12 col-sm-12 col-md-12 col-lg-12 bt_bb_vertical_align_top bt_bb_align_left bt_bb_padding_normal\" style=\"; --column-width:12;\" data-width=\"12\" data-bt-override-class=\"{}\"><div class=\"bt_bb_column_content\"><div class=\"bt_bb_column_content_inner\"><header class=\"bt_bb_headline bt_bb_color_scheme_13 bt_bb_dash_none bt_bb_size_inherit bt_bb_align_inherit\" style=\"; --headline-primary-color:#1b60f7; --headline-secondary-color:#ffde00;\" data-bt-override-class=\"{}\"><h2 class=\"bt_bb_headline_tag\"><span class=\"bt_bb_headline_content\"><span><u>Alquiler de coches<\/u><\/span><\/span><\/h2><\/header><\/div><\/div><\/div><\/div><\/div><\/div><\/div><\/div><\/section><section id=\"bt_bb_section69ff23c1a3a8d\"  class=\"bt_bb_section bt_bb_layout_boxed_1200 bt_bb_vertical_align_top\"  data-bt-override-class=\"null\"><div class=\"bt_bb_port\"><div class=\"bt_bb_cell\"><div class=\"bt_bb_cell_inner\"><div class=\"bt_bb_row \"  data-bt-override-class=\"{}\"><div class=\"bt_bb_row_holder\" ><div  class=\"bt_bb_column col-xxl-12 col-xl-12 col-xs-12 col-sm-12 col-md-12 col-lg-12 bt_bb_vertical_align_top bt_bb_align_left bt_bb_padding_normal bt_bb_animation_fade_in move_right animate\" style=\"; --column-width:12;\" data-width=\"12\" data-bt-override-class=\"{&quot;bt_bb_align_&quot;:{&quot;current_class&quot;:&quot;bt_bb_align_left&quot;,&quot;def&quot;:&quot;left&quot;,&quot;xl&quot;:&quot;left&quot;}}\"><div class=\"bt_bb_column_content\"><div class=\"bt_bb_column_content_inner\"><div  class=\"bt_bb_text\" ><\/p>\n<p>Junto con nuestro socio Sunnycars le ofrecemos la reserva de alquiler de coches perfecta para sus vacaciones en Mallorca. Disfrute de la alta calidad de alquiler de coches de Sunnycars. Disfrute de la alta calidad de alquiler de coches de Sunnycars.<\/p>\n<p>Tanto si desea explorar las pintorescas playas, descubrir la fascinante cultura o simplemente disfrutar de la libertad que ofrece la isla, con un coche de alquiler de Sunnycars estar\u00e1 bien equipado.<\/p>\n<p>Nuestro socio Sunnycars se caracteriza por un excelente servicio de atenci\u00f3n al cliente, una amplia cobertura de seguro y una gran selecci\u00f3n de veh\u00edculos.<\/p>\n<p>Reserve su coche de alquiler con Sunnycars hoy mismo y comience sus vacaciones en Mallorca sin preocupaciones.<\/p>\n<p>\n<\/div><div data-bb-version=\"4.5.4\" class=\"bt_bb_separator bt_bb_border_style_none bt_bb_top_spacing_none bt_bb_bottom_spacing_normal\" data-bt-override-class=\"{&quot;bt_bb_top_spacing_&quot;:{&quot;current_class&quot;:&quot;bt_bb_top_spacing_none&quot;,&quot;def&quot;:&quot;none&quot;},&quot;bt_bb_bottom_spacing_&quot;:{&quot;current_class&quot;:&quot;bt_bb_bottom_spacing_normal&quot;,&quot;def&quot;:&quot;normal&quot;}}\"><\/div><\/div><\/div><\/div><\/div><\/div><\/div><\/div><\/div><\/section><section id=\"bt_bb_section69ff23c1a3ec1\"  class=\"bt_bb_section bt_bb_layout_boxed_1200 bt_bb_vertical_align_top\"  data-bt-override-class=\"null\"><div class=\"bt_bb_port\"><div class=\"bt_bb_cell\"><div class=\"bt_bb_cell_inner\"><div class=\"bt_bb_row \"  data-bt-override-class=\"{}\"><div class=\"bt_bb_row_holder\" ><div  class=\"bt_bb_column col-xxl-12 col-xl-12 col-xs-12 col-sm-12 col-md-12 col-lg-12 bt_bb_vertical_align_top bt_bb_align_left bt_bb_padding_normal bt_bb_animation_fade_in move_up animate\" style=\"; --column-width:12;\" data-width=\"12\" data-bt-override-class=\"{&quot;bt_bb_align_&quot;:{&quot;current_class&quot;:&quot;bt_bb_align_left&quot;,&quot;def&quot;:&quot;left&quot;,&quot;xl&quot;:&quot;left&quot;}}\"><div class=\"bt_bb_column_content\"><div class=\"bt_bb_column_content_inner\"><div class=\"bt_bb_separator bt_bb_border_style_none bt_bb_top_spacing_normal\" data-bt-override-class=\"null\"><\/div><div class=\"bt_bb_raw_content\"><script src=https:\/\/widget.sunnycars.app\/sc-widget.js><\/script>\n<sc-widget affiliatekey=\"3352145\" domain=\"de\" lang=\"en\"><\/sc-widget><\/div><div class=\"bt_bb_separator bt_bb_border_style_none bt_bb_top_spacing_normal bt_bb_bottom_spacing_normal\" data-bt-override-class=\"null\"><\/div><\/div><\/div><\/div><\/div><\/div><\/div><\/div><\/div><\/section><\/p>\n","protected":false},"excerpt":{"rendered":"","protected":false},"author":1,"featured_media":0,"parent":0,"menu_order":0,"comment_status":"closed","ping_status":"closed","template":"","meta":{"_glsr_average":0,"_glsr_ranking":0,"_glsr_reviews":0,"footnotes":""},"class_list":["post-6643","page","type-page","status-publish","hentry"],"yoast_head":"<!-- This site is optimized with the Yoast SEO plugin v27.3 - https:\/\/yoast.com\/product\/yoast-seo-wordpress\/ -->\n<title>Alquiler de coches &#062; Taxi - Jose<\/title>\n<meta name=\"robots\" content=\"index, follow, max-snippet:-1, max-image-preview:large, max-video-preview:-1\" \/>\n<link rel=\"canonical\" href=\"https:\/\/taxi-jose.es\/es\/alquiler-de-coches\/\" \/>\n<meta property=\"og:locale\" content=\"es_ES\" \/>\n<meta property=\"og:type\" content=\"article\" \/>\n<meta property=\"og:title\" content=\"Alquiler de coches &#062; Taxi - Jose\" \/>\n<meta property=\"og:url\" content=\"https:\/\/taxi-jose.es\/es\/alquiler-de-coches\/\" \/>\n<meta property=\"og:site_name\" content=\"Taxi - Jose\" \/>\n<meta property=\"article:publisher\" content=\"https:\/\/www.facebook.com\/profile.php?id=100000440013794\" \/>\n<meta property=\"article:modified_time\" content=\"2023-05-26T07:25:59+00:00\" \/>\n<meta property=\"og:image\" content=\"https:\/\/taxi-jose.es\/wp-content\/uploads\/2024\/05\/logo-open-graph.png\" \/>\n\t<meta property=\"og:image:width\" content=\"494\" \/>\n\t<meta property=\"og:image:height\" content=\"254\" \/>\n\t<meta property=\"og:image:type\" content=\"image\/png\" \/>\n<meta name=\"twitter:card\" content=\"summary_large_image\" \/>\n<meta name=\"twitter:label1\" content=\"Tiempo de lectura\" \/>\n\t<meta name=\"twitter:data1\" content=\"4 minutos\" \/>\n<script type=\"application\/ld+json\" class=\"yoast-schema-graph\">{\"@context\":\"https:\\\/\\\/schema.org\",\"@graph\":[{\"@type\":\"WebPage\",\"@id\":\"https:\\\/\\\/taxi-jose.es\\\/es\\\/alquiler-de-coches\\\/\",\"url\":\"https:\\\/\\\/taxi-jose.es\\\/es\\\/alquiler-de-coches\\\/\",\"name\":\"Alquiler de coches &#062; Taxi - Jose\",\"isPartOf\":{\"@id\":\"https:\\\/\\\/taxi-jose.es\\\/es\\\/#website\"},\"datePublished\":\"2023-05-25T07:08:33+00:00\",\"dateModified\":\"2023-05-26T07:25:59+00:00\",\"breadcrumb\":{\"@id\":\"https:\\\/\\\/taxi-jose.es\\\/es\\\/alquiler-de-coches\\\/#breadcrumb\"},\"inLanguage\":\"es\",\"potentialAction\":[{\"@type\":\"ReadAction\",\"target\":[\"https:\\\/\\\/taxi-jose.es\\\/es\\\/alquiler-de-coches\\\/\"]}]},{\"@type\":\"BreadcrumbList\",\"@id\":\"https:\\\/\\\/taxi-jose.es\\\/es\\\/alquiler-de-coches\\\/#breadcrumb\",\"itemListElement\":[{\"@type\":\"ListItem\",\"position\":1,\"name\":\"Startseite\",\"item\":\"https:\\\/\\\/taxi-jose.es\\\/es\\\/\"},{\"@type\":\"ListItem\",\"position\":2,\"name\":\"Alquiler de coches\"}]},{\"@type\":\"WebSite\",\"@id\":\"https:\\\/\\\/taxi-jose.es\\\/es\\\/#website\",\"url\":\"https:\\\/\\\/taxi-jose.es\\\/es\\\/\",\"name\":\"https:\\\/\\\/www.taxi-jose.es\",\"description\":\"Flughafentransfer von und nach Cala Ratjada\",\"publisher\":{\"@id\":\"https:\\\/\\\/taxi-jose.es\\\/es\\\/#organization\"},\"alternateName\":\"Taxi Jose\",\"potentialAction\":[{\"@type\":\"SearchAction\",\"target\":{\"@type\":\"EntryPoint\",\"urlTemplate\":\"https:\\\/\\\/taxi-jose.es\\\/es\\\/?s={search_term_string}\"},\"query-input\":{\"@type\":\"PropertyValueSpecification\",\"valueRequired\":true,\"valueName\":\"search_term_string\"}}],\"inLanguage\":\"es\"},{\"@type\":\"Organization\",\"@id\":\"https:\\\/\\\/taxi-jose.es\\\/es\\\/#organization\",\"name\":\"Taxi - Jose \u00b7 Traslado desde y hacia el aeropuerto de Cala Ratjada\",\"alternateName\":\"Flughafentransfer von und nach Cala Ratjada\",\"url\":\"https:\\\/\\\/taxi-jose.es\\\/es\\\/\",\"logo\":{\"@type\":\"ImageObject\",\"inLanguage\":\"es\",\"@id\":\"https:\\\/\\\/taxi-jose.es\\\/es\\\/#\\\/schema\\\/logo\\\/image\\\/\",\"url\":\"https:\\\/\\\/taxi-jose.es\\\/wp-content\\\/uploads\\\/2024\\\/05\\\/logo-open-graph.png\",\"contentUrl\":\"https:\\\/\\\/taxi-jose.es\\\/wp-content\\\/uploads\\\/2024\\\/05\\\/logo-open-graph.png\",\"width\":494,\"height\":254,\"caption\":\"Taxi - Jose \u00b7 Traslado desde y hacia el aeropuerto de Cala Ratjada\"},\"image\":{\"@id\":\"https:\\\/\\\/taxi-jose.es\\\/es\\\/#\\\/schema\\\/logo\\\/image\\\/\"},\"sameAs\":[\"https:\\\/\\\/www.facebook.com\\\/profile.php?id=100000440013794\"]}]}<\/script>\n<!-- \/ Yoast SEO plugin. -->","yoast_head_json":{"title":"Alquiler de coches &#062; Taxi - Jose","robots":{"index":"index","follow":"follow","max-snippet":"max-snippet:-1","max-image-preview":"max-image-preview:large","max-video-preview":"max-video-preview:-1"},"canonical":"https:\/\/taxi-jose.es\/es\/alquiler-de-coches\/","og_locale":"es_ES","og_type":"article","og_title":"Alquiler de coches &#062; Taxi - Jose","og_url":"https:\/\/taxi-jose.es\/es\/alquiler-de-coches\/","og_site_name":"Taxi - Jose","article_publisher":"https:\/\/www.facebook.com\/profile.php?id=100000440013794","article_modified_time":"2023-05-26T07:25:59+00:00","og_image":[{"width":494,"height":254,"url":"https:\/\/taxi-jose.es\/wp-content\/uploads\/2024\/05\/logo-open-graph.png","type":"image\/png"}],"twitter_card":"summary_large_image","twitter_misc":{"Tiempo de lectura":"4 minutos"},"schema":{"@context":"https:\/\/schema.org","@graph":[{"@type":"WebPage","@id":"https:\/\/taxi-jose.es\/es\/alquiler-de-coches\/","url":"https:\/\/taxi-jose.es\/es\/alquiler-de-coches\/","name":"Alquiler de coches &#062; Taxi - Jose","isPartOf":{"@id":"https:\/\/taxi-jose.es\/es\/#website"},"datePublished":"2023-05-25T07:08:33+00:00","dateModified":"2023-05-26T07:25:59+00:00","breadcrumb":{"@id":"https:\/\/taxi-jose.es\/es\/alquiler-de-coches\/#breadcrumb"},"inLanguage":"es","potentialAction":[{"@type":"ReadAction","target":["https:\/\/taxi-jose.es\/es\/alquiler-de-coches\/"]}]},{"@type":"BreadcrumbList","@id":"https:\/\/taxi-jose.es\/es\/alquiler-de-coches\/#breadcrumb","itemListElement":[{"@type":"ListItem","position":1,"name":"Startseite","item":"https:\/\/taxi-jose.es\/es\/"},{"@type":"ListItem","position":2,"name":"Alquiler de coches"}]},{"@type":"WebSite","@id":"https:\/\/taxi-jose.es\/es\/#website","url":"https:\/\/taxi-jose.es\/es\/","name":"https:\/\/www.taxi-jose.es","description":"Flughafentransfer von und nach Cala Ratjada","publisher":{"@id":"https:\/\/taxi-jose.es\/es\/#organization"},"alternateName":"Taxi Jose","potentialAction":[{"@type":"SearchAction","target":{"@type":"EntryPoint","urlTemplate":"https:\/\/taxi-jose.es\/es\/?s={search_term_string}"},"query-input":{"@type":"PropertyValueSpecification","valueRequired":true,"valueName":"search_term_string"}}],"inLanguage":"es"},{"@type":"Organization","@id":"https:\/\/taxi-jose.es\/es\/#organization","name":"Taxi - Jose \u00b7 Traslado desde y hacia el aeropuerto de Cala Ratjada","alternateName":"Flughafentransfer von und nach Cala Ratjada","url":"https:\/\/taxi-jose.es\/es\/","logo":{"@type":"ImageObject","inLanguage":"es","@id":"https:\/\/taxi-jose.es\/es\/#\/schema\/logo\/image\/","url":"https:\/\/taxi-jose.es\/wp-content\/uploads\/2024\/05\/logo-open-graph.png","contentUrl":"https:\/\/taxi-jose.es\/wp-content\/uploads\/2024\/05\/logo-open-graph.png","width":494,"height":254,"caption":"Taxi - Jose \u00b7 Traslado desde y hacia el aeropuerto de Cala Ratjada"},"image":{"@id":"https:\/\/taxi-jose.es\/es\/#\/schema\/logo\/image\/"},"sameAs":["https:\/\/www.facebook.com\/profile.php?id=100000440013794"]}]}},"_links":{"self":[{"href":"https:\/\/taxi-jose.es\/es\/wp-json\/wp\/v2\/pages\/6643","targetHints":{"allow":["GET"]}}],"collection":[{"href":"https:\/\/taxi-jose.es\/es\/wp-json\/wp\/v2\/pages"}],"about":[{"href":"https:\/\/taxi-jose.es\/es\/wp-json\/wp\/v2\/types\/page"}],"author":[{"embeddable":true,"href":"https:\/\/taxi-jose.es\/es\/wp-json\/wp\/v2\/users\/1"}],"replies":[{"embeddable":true,"href":"https:\/\/taxi-jose.es\/es\/wp-json\/wp\/v2\/comments?post=6643"}],"version-history":[{"count":0,"href":"https:\/\/taxi-jose.es\/es\/wp-json\/wp\/v2\/pages\/6643\/revisions"}],"wp:attachment":[{"href":"https:\/\/taxi-jose.es\/es\/wp-json\/wp\/v2\/media?parent=6643"}],"curies":[{"name":"wp","href":"https:\/\/api.w.org\/{rel}","templated":true}]}}